{"id":1092,"date":"2023-05-16T14:54:46","date_gmt":"2023-05-16T14:54:46","guid":{"rendered":"https:\/\/themeholy.com\/wordpress\/ruffer\/?page_id=1092"},"modified":"2024-12-19T03:53:02","modified_gmt":"2024-12-19T03:53:02","slug":"about-us","status":"publish","type":"page","link":"https:\/\/vmastyle.com\/es\/about-us\/","title":{"rendered":"Acerca De Nosotros"},"content":{"rendered":"<div data-elementor-type=\"wp-page\" data-elementor-id=\"1092\" class=\"elementor elementor-1092\" data-elementor-post-type=\"page\">\n\t\t\t\t\t\t<section class=\"elementor-section elementor-top-section elementor-element elementor-element-bb5ee32 elementor-section-boxed elementor-section-height-default elementor-section-height-default\" data-id=\"bb5ee32\" data-element_type=\"section\">\n\t\t\t\t\t\t<div class=\"elementor-container elementor-column-gap-no\">\n\t\t\t\t\t<div class=\"elementor-column elementor-col-100 elementor-top-column elementor-element elementor-element-c59ed53\" data-id=\"c59ed53\" data-element_type=\"column\">\n\t\t\t<div class=\"elementor-widget-wrap elementor-element-populated\">\n\t\t\t\t\t\t<section class=\"elementor-section elementor-inner-section elementor-element elementor-element-e4a7c80 elementor-section-full_width elementor-section-height-default elementor-section-height-default\" data-id=\"e4a7c80\" data-element_type=\"section\">\n\t\t\t\t\t\t<div class=\"elementor-container elementor-column-gap-no\">\n\t\t\t\t\t<div class=\"elementor-column elementor-col-50 elementor-inner-column elementor-element elementor-element-be6dd5b\" data-id=\"be6dd5b\" data-element_type=\"column\">\n\t\t\t<div class=\"elementor-widget-wrap elementor-element-populated\">\n\t\t\t\t\t\t<div class=\"elementor-element elementor-element-d1b0c73 elementor-widget elementor-widget-ruffergroupimage\" data-id=\"d1b0c73\" data-element_type=\"widget\" data-widget_type=\"ruffergroupimage.default\">\n\t\t\t\t<div class=\"elementor-widget-container\">\n\t\t\t\t\t<div class=\"img-box2 pb-50\"><div class=\"img1\"><img decoding=\"async\" class=\"tilt-active\" src=\"https:\/\/vmastyle.com\/wp-content\/uploads\/2024\/12\/PHOTO-2024-12-06-10-27-06-3-1.jpg\" alt=\"About\"><\/div><div class=\"shape1 shape-mockup jump\" data-bottom=\"0\" data-left=\"0\"><img decoding=\"async\" src=\"https:\/\/themeholy.com\/wordpress\/ruffer\/wp-content\/uploads\/2023\/05\/about_2_1shape.png\" alt=\"About\"><\/div><\/div>\t\t\t\t<\/div>\n\t\t\t\t<\/div>\n\t\t\t\t\t<\/div>\n\t\t<\/div>\n\t\t\t\t<div class=\"elementor-column elementor-col-50 elementor-inner-column elementor-element elementor-element-75117b7\" data-id=\"75117b7\" data-element_type=\"column\">\n\t\t\t<div class=\"elementor-widget-wrap elementor-element-populated\">\n\t\t\t\t\t\t<div class=\"elementor-element elementor-element-d56774b elementor-widget elementor-widget-ruffersectiontitle\" data-id=\"d56774b\" data-element_type=\"widget\" data-widget_type=\"ruffersectiontitle.default\">\n\t\t\t\t<div class=\"elementor-widget-container\">\n\t\t\t\t\t<div class=\"title-area-wrap\"><div class=\"title-area mb-30\" ><span class=\"sub-title subtitle-selector\">Acerca De VMastyle<\/span><h2 class=\"sec-title title-selector\">Su Socio de Confianza para las Renovaciones del Hogar en Nueva York<\/h2><\/div><p class=\"desc-selector mt-n2 mb-30\">En VMastyle, nos especializamos en la creaci\u00f3n de hermosos y espacios funcionales. Con a\u00f1os de experiencia sirviendo a la Ciudad de Nueva York y alrededores, fiable y profesional de servicios de construcci\u00f3n adaptados a sus necesidades. Desde impresionantes cocinas completamente s\u00f3tanos, podemos garantizar la precisi\u00f3n, la calidad y la satisfacci\u00f3n en cada proyecto.<\/p><\/div>\t\t\t\t<\/div>\n\t\t\t\t<\/div>\n\t\t\t\t<div class=\"elementor-element elementor-element-d92395a elementor-widget elementor-widget-text-editor\" data-id=\"d92395a\" data-element_type=\"widget\" data-widget_type=\"text-editor.default\">\n\t\t\t\t<div class=\"elementor-widget-container\">\n\t\t\t\t\t\t\t\t\t<div class=\"about-grid-wrap mb-40\"><div class=\"thumb\">\u00a0<\/div><div class=\"details\"><div class=\"about-grid\"><h3 class=\"about-grid_year\"><span class=\"counter-number\">15<\/span>+<\/h3><p><span class=\"about-grid_text\">A\u00f1os De Experiencia <br \/>Empresa<\/span><\/p><\/div><p class=\"mb-n2\">Con m\u00e1s de 20 a\u00f1os de experiencia en la construcci\u00f3n y renovaci\u00f3n de la industria en Nueva York, VMastyle se ha convertido en una empresa l\u00edder, dedicada a la calidad y la satisfacci\u00f3n del cliente en cada proyecto.<\/p><\/div><\/div>\t\t\t\t\t\t\t\t<\/div>\n\t\t\t\t<\/div>\n\t\t\t\t<div class=\"elementor-element elementor-element-3c30f3a elementor-widget elementor-widget-text-editor\" data-id=\"3c30f3a\" data-element_type=\"widget\" data-widget_type=\"text-editor.default\">\n\t\t\t\t<div class=\"elementor-widget-container\">\n\t\t\t\t\t\t\t\t\t<div class=\"checklist mb-45\"><ul><li><i class=\"fa-regular fa-circle-check\"><\/i>Experiencia y Confianza<\/li><li><i class=\"fa-regular fa-circle-check\"><\/i>Ingenieros Expertos<\/li><\/ul><\/div>\t\t\t\t\t\t\t\t<\/div>\n\t\t\t\t<\/div>\n\t\t\t\t\t<\/div>\n\t\t<\/div>\n\t\t\t\t\t<\/div>\n\t\t<\/section>\n\t\t\t\t\t<\/div>\n\t\t<\/div>\n\t\t\t\t\t<\/div>\n\t\t<\/section>\n\t\t\t\t<section class=\"elementor-section elementor-top-section elementor-element elementor-element-9f77e29 elementor-section-boxed elementor-section-height-default elementor-section-height-default\" data-id=\"9f77e29\" data-element_type=\"section\">\n\t\t\t\t\t\t<div class=\"elementor-container elementor-column-gap-no\">\n\t\t\t\t\t<div class=\"elementor-column elementor-col-100 elementor-top-column elementor-element elementor-element-28e07ff\" data-id=\"28e07ff\" data-element_type=\"column\">\n\t\t\t<div class=\"elementor-widget-wrap elementor-element-populated\">\n\t\t\t\t\t\t<section class=\"elementor-section elementor-inner-section elementor-element elementor-element-b596a38 elementor-section-full_width elementor-section-height-default elementor-section-height-default\" data-id=\"b596a38\" data-element_type=\"section\">\n\t\t\t\t\t\t<div class=\"elementor-container elementor-column-gap-no\">\n\t\t\t\t\t<div class=\"elementor-column elementor-col-100 elementor-inner-column elementor-element elementor-element-caa079b\" data-id=\"caa079b\" data-element_type=\"column\">\n\t\t\t<div class=\"elementor-widget-wrap elementor-element-populated\">\n\t\t\t\t\t\t<div class=\"elementor-element elementor-element-eece780 elementor-widget elementor-widget-rufferfeatures\" data-id=\"eece780\" data-element_type=\"widget\" data-widget_type=\"rufferfeatures.default\">\n\t\t\t\t<div class=\"elementor-widget-container\">\n\t\t\t\t\t<div class=\"row gy-30 justify-content-center\"><div class=\"col-sm-6 col-xl-4 col-lg-6 col-md-4\"><div class=\"about-feature2\"><div class=\"feature_icon\"><img decoding=\"async\" src=\"https:\/\/themeholy.com\/wordpress\/ruffer\/wp-content\/uploads\/2023\/05\/feature-icon1.svg\" alt=\"Icon\"><\/div><div class=\"media-body\"> <h3 class=\"box-title title\">Nuestra Misi\u00f3n<\/h3><p class=\"about-feature_text desc\">En VMastyle, nuestra misi\u00f3n es proporcionar personalizada de construcci\u00f3n y renovaci\u00f3n de soluciones, ofreciendo funcionales y est\u00e9ticamente agradables espacios para nuestros clientes. Estamos comprometidos a completar proyectos de alta calidad en el tiempo, con un enfoque en la satisfacci\u00f3n total del cliente.<\/p><\/div><\/div><\/div><div class=\"col-sm-6 col-xl-4 col-lg-6 col-md-4\"><div class=\"about-feature2\"><div class=\"feature_icon\"><img decoding=\"async\" src=\"https:\/\/themeholy.com\/wordpress\/ruffer\/wp-content\/uploads\/2023\/05\/feature-icon2.svg\" alt=\"Icon\"><\/div><div class=\"media-body\"> <h3 class=\"box-title title\">Nuestra Visi\u00f3n<\/h3><p class=\"about-feature_text desc\">Nuestra visi\u00f3n es ser el l\u00edder en la construcci\u00f3n y renovaci\u00f3n de la compa\u00f1\u00eda en Nueva York, reconocida por la excelencia, la innovaci\u00f3n y el compromiso con la calidad. Aspiramos a ser la opci\u00f3n preferida por los clientes al convertir sus ideas en realidad.<\/p><\/div><\/div><\/div><div class=\"col-sm-6 col-xl-4 col-lg-6 col-md-4\"><div class=\"about-feature2\"><div class=\"feature_icon\"><img decoding=\"async\" src=\"https:\/\/themeholy.com\/wordpress\/ruffer\/wp-content\/uploads\/2023\/05\/feature-icon3.svg\" alt=\"Icon\"><\/div><div class=\"media-body\"> <h3 class=\"box-title title\">Los Servicios De Confianza<\/h3><p class=\"about-feature_text desc\">En VMastyle, nos enorgullecemos de ofrecer servicios de calidad superior. Desde la selecci\u00f3n de materiales de primera calidad para la ejecuci\u00f3n de cada detalle, nos aseguramos de que cada proyecto es llevado a cabo con profesionalidad y precisi\u00f3n, superando siempre las expectativas de nuestros clientes.<\/p><\/div><\/div><\/div><\/div>\t\t\t\t<\/div>\n\t\t\t\t<\/div>\n\t\t\t\t\t<\/div>\n\t\t<\/div>\n\t\t\t\t\t<\/div>\n\t\t<\/section>\n\t\t\t\t\t<\/div>\n\t\t<\/div>\n\t\t\t\t\t<\/div>\n\t\t<\/section>\n\t\t\t\t<section class=\"elementor-section elementor-top-section elementor-element elementor-element-66b1095 elementor-section-full_width elementor-section-height-default elementor-section-height-default\" data-id=\"66b1095\" data-element_type=\"section\" data-settings=\"{&quot;background_background&quot;:&quot;classic&quot;}\">\n\t\t\t\t\t\t<div class=\"elementor-container elementor-column-gap-no\">\n\t\t\t\t\t<div class=\"elementor-column elementor-col-100 elementor-top-column elementor-element elementor-element-41e5fa6\" data-id=\"41e5fa6\" data-element_type=\"column\">\n\t\t\t<div class=\"elementor-widget-wrap elementor-element-populated\">\n\t\t\t\t\t\t<section class=\"elementor-section elementor-inner-section elementor-element elementor-element-460a1e8 elementor-section-boxed elementor-section-height-default elementor-section-height-default\" data-id=\"460a1e8\" data-element_type=\"section\">\n\t\t\t\t\t\t<div class=\"elementor-container elementor-column-gap-no\">\n\t\t\t\t\t<div class=\"elementor-column elementor-col-100 elementor-inner-column elementor-element elementor-element-db9dcf2\" data-id=\"db9dcf2\" data-element_type=\"column\">\n\t\t\t<div class=\"elementor-widget-wrap elementor-element-populated\">\n\t\t\t\t\t\t<div class=\"elementor-element elementor-element-588f31c cta-area-2 elementor-widget elementor-widget-text-editor\" data-id=\"588f31c\" data-element_type=\"widget\" data-widget_type=\"text-editor.default\">\n\t\t\t\t<div class=\"elementor-widget-container\">\n\t\t\t\t\t\t\t\t\t<div class=\"title-area mb-40\"><p>Ingenieros Expertos<\/p><h2 class=\"sec-title text-white\">Ingenieros expertos a Su Servicio<\/h2><\/div>\t\t\t\t\t\t\t\t<\/div>\n\t\t\t\t<\/div>\n\t\t\t\t<div class=\"elementor-element elementor-element-9917b21 elementor-widget__width-auto elementor-widget-mobile__width-inherit elementor-widget elementor-widget-rufferbutton\" data-id=\"9917b21\" data-element_type=\"widget\" data-widget_type=\"rufferbutton.default\">\n\t\t\t\t<div class=\"elementor-widget-container\">\n\t\t\t\t\t<!-- Button --><div class=\"btn-wrapper\"><a class=\"th-btn style2\" href=\"https:\/\/vmastyle.com\/es\/contact\/\">hacer una cita<i class=\"fa-regular fa-arrow-right ms-2\"><\/i><\/a><\/div><!-- End Button -->\t\t\t\t<\/div>\n\t\t\t\t<\/div>\n\t\t\t\t\t<\/div>\n\t\t<\/div>\n\t\t\t\t\t<\/div>\n\t\t<\/section>\n\t\t\t\t\t<\/div>\n\t\t<\/div>\n\t\t\t\t\t<\/div>\n\t\t<\/section>\n\t\t\t\t<section class=\"elementor-section elementor-top-section elementor-element elementor-element-79c4e08 elementor-hidden-desktop elementor-hidden-tablet elementor-hidden-mobile elementor-section-boxed elementor-section-height-default elementor-section-height-default\" data-id=\"79c4e08\" data-element_type=\"section\">\n\t\t\t\t\t\t<div class=\"elementor-container elementor-column-gap-no\">\n\t\t\t\t\t<div class=\"elementor-column elementor-col-100 elementor-top-column elementor-element elementor-element-a674b64\" data-id=\"a674b64\" data-element_type=\"column\">\n\t\t\t<div class=\"elementor-widget-wrap elementor-element-populated\">\n\t\t\t\t\t\t<section class=\"elementor-section elementor-inner-section elementor-element elementor-element-d27f63b elementor-section-full_width elementor-section-height-default elementor-section-height-default\" data-id=\"d27f63b\" data-element_type=\"section\">\n\t\t\t\t\t\t<div class=\"elementor-container elementor-column-gap-no\">\n\t\t\t\t\t<div class=\"elementor-column elementor-col-100 elementor-inner-column elementor-element elementor-element-4a4b999\" data-id=\"4a4b999\" data-element_type=\"column\">\n\t\t\t<div class=\"elementor-widget-wrap elementor-element-populated\">\n\t\t\t\t\t\t<div class=\"elementor-element elementor-element-5417a60 elementor-widget elementor-widget-ruffersectiontitle\" data-id=\"5417a60\" data-element_type=\"widget\" data-widget_type=\"ruffersectiontitle.default\">\n\t\t\t\t<div class=\"elementor-widget-container\">\n\t\t\t\t\t<div class=\"title-area-wrap\"><div class=\"title-area\" ><span class=\"sub-title subtitle-selector\">Gran Equipo<\/span><h2 class=\"sec-title title-selector\">Cumplir Con Nuestro Equipo De Experiencia<\/h2><\/div><\/div>\t\t\t\t<\/div>\n\t\t\t\t<\/div>\n\t\t\t\t\t<\/div>\n\t\t<\/div>\n\t\t\t\t\t<\/div>\n\t\t<\/section>\n\t\t\t\t<section class=\"elementor-section elementor-inner-section elementor-element elementor-element-bf59ffc elementor-section-full_width elementor-section-height-default elementor-section-height-default\" data-id=\"bf59ffc\" data-element_type=\"section\">\n\t\t\t\t\t\t<div class=\"elementor-container elementor-column-gap-no\">\n\t\t\t\t\t<div class=\"elementor-column elementor-col-100 elementor-inner-column elementor-element elementor-element-655ea32\" data-id=\"655ea32\" data-element_type=\"column\">\n\t\t\t<div class=\"elementor-widget-wrap elementor-element-populated\">\n\t\t\t\t\t\t<div class=\"elementor-element elementor-element-3f20810 elementor-widget elementor-widget-rufferteam\" data-id=\"3f20810\" data-element_type=\"widget\" data-widget_type=\"rufferteam.default\">\n\t\t\t\t<div class=\"elementor-widget-container\">\n\t\t\t\t\t<div class=\"row th-carousel\" data-slide-show=\"4\" data-lg-slide-show=\"3\" data-md-slide-show=\"2\" data-sm-slide-show=\"1\"><div class=\"col-sm-6 col-lg-4 col-xl-3\"><div class=\"th-team team-card\"><div class=\"team-img-wrap\"><div class=\"team-thumb\"><div class=\"team-img\"><img decoding=\"async\" src=\"https:\/\/themeholy.com\/wordpress\/ruffer\/wp-content\/uploads\/2023\/05\/team_1_1.png\" alt=\"team_1_1\"  \/><\/div><\/div><div class=\"team-social-hover\"><a href=\"#\" class=\"team-social-hover_btn\"><i class=\"far fa-plus\"><\/i><\/a><div class=\"team-social\"><a  href=\"http:\/\/facebook.com\" class=\"icon-bg-custom\"><i class=\"fab fa-facebook-f\"><\/i><\/a><a  href=\"http:\/\/twitter.com\" class=\"icon-bg-custom\"><i class=\"fab fa-twitter\"><\/i><\/a><a  href=\"http:\/\/dribble.com\" class=\"icon-bg-custom\"><i class=\"fa-brands fa-dribbble\"><\/i><\/a><a  href=\"http:\/\/linkedin.com\" class=\"icon-bg-custom\"><i class=\"fab fa-linkedin-in\"><\/i><\/a><\/div><\/div><\/div><div class=\"team-content\"><h3 class=\"team-title th-title\"><a  href=\"https:\/\/themeholy.com\/wordpress\/ruffer\/index.php\/team-details\/\">Ronald Richards<\/a><\/h3><span class=\"team-desig\">Fundador &amp; CEO<\/span><\/div><\/div><\/div><div class=\"col-sm-6 col-lg-4 col-xl-3\"><div class=\"th-team team-card\"><div class=\"team-img-wrap\"><div class=\"team-thumb\"><div class=\"team-img\"><img decoding=\"async\" src=\"https:\/\/themeholy.com\/wordpress\/ruffer\/wp-content\/uploads\/2023\/05\/team_1_2.png\" alt=\"team_1_2\"  \/><\/div><\/div><div class=\"team-social-hover\"><a href=\"#\" class=\"team-social-hover_btn\"><i class=\"far fa-plus\"><\/i><\/a><div class=\"team-social\"><a  href=\"http:\/\/facebook.com\" class=\"icon-bg-custom\"><i class=\"fab fa-facebook-f\"><\/i><\/a><a  href=\"http:\/\/twitter.com\" class=\"icon-bg-custom\"><i class=\"fab fa-twitter\"><\/i><\/a><a  href=\"http:\/\/dribble.com\" class=\"icon-bg-custom\"><i class=\"fa-brands fa-dribbble\"><\/i><\/a><a  href=\"http:\/\/linkedin.com\" class=\"icon-bg-custom\"><i class=\"fab fa-linkedin-in\"><\/i><\/a><\/div><\/div><\/div><div class=\"team-content\"><h3 class=\"team-title th-title\"><a  href=\"https:\/\/themeholy.com\/wordpress\/ruffer\/index.php\/team-details\/\">Marvin McKinney<\/a><\/h3><span class=\"team-desig\">Gerente Senior<\/span><\/div><\/div><\/div><div class=\"col-sm-6 col-lg-4 col-xl-3\"><div class=\"th-team team-card\"><div class=\"team-img-wrap\"><div class=\"team-thumb\"><div class=\"team-img\"><img decoding=\"async\" src=\"https:\/\/themeholy.com\/wordpress\/ruffer\/wp-content\/uploads\/2023\/05\/team_1_3.png\" alt=\"team_1_3\"  \/><\/div><\/div><div class=\"team-social-hover\"><a href=\"#\" class=\"team-social-hover_btn\"><i class=\"far fa-plus\"><\/i><\/a><div class=\"team-social\"><a  href=\"http:\/\/facebook.com\" class=\"icon-bg-custom\"><i class=\"fab fa-facebook-f\"><\/i><\/a><a  href=\"http:\/\/twitter.com\" class=\"icon-bg-custom\"><i class=\"fab fa-twitter\"><\/i><\/a><a  href=\"http:\/\/dribble.com\" class=\"icon-bg-custom\"><i class=\"fa-brands fa-dribbble\"><\/i><\/a><a  href=\"http:\/\/linkedin.com\" class=\"icon-bg-custom\"><i class=\"fab fa-linkedin-in\"><\/i><\/a><\/div><\/div><\/div><div class=\"team-content\"><h3 class=\"team-title th-title\"><a  href=\"https:\/\/themeholy.com\/wordpress\/ruffer\/index.php\/team-details\/\">Courtney Henry<\/a><\/h3><span class=\"team-desig\">junior Manager<\/span><\/div><\/div><\/div><div class=\"col-sm-6 col-lg-4 col-xl-3\"><div class=\"th-team team-card\"><div class=\"team-img-wrap\"><div class=\"team-thumb\"><div class=\"team-img\"><img decoding=\"async\" src=\"https:\/\/themeholy.com\/wordpress\/ruffer\/wp-content\/uploads\/2023\/05\/team_1_4.png\" alt=\"team_1_4\"  \/><\/div><\/div><div class=\"team-social-hover\"><a href=\"#\" class=\"team-social-hover_btn\"><i class=\"far fa-plus\"><\/i><\/a><div class=\"team-social\"><a  href=\"http:\/\/facebook.com\" class=\"icon-bg-custom\"><i class=\"fab fa-facebook-f\"><\/i><\/a><a  href=\"http:\/\/twitter.com\" class=\"icon-bg-custom\"><i class=\"fab fa-twitter\"><\/i><\/a><a  href=\"http:\/\/dribble.com\" class=\"icon-bg-custom\"><i class=\"fa-brands fa-dribbble\"><\/i><\/a><a  href=\"http:\/\/linkedin.com\" class=\"icon-bg-custom\"><i class=\"fab fa-linkedin-in\"><\/i><\/a><\/div><\/div><\/div><div class=\"team-content\"><h3 class=\"team-title th-title\"><a  href=\"https:\/\/themeholy.com\/wordpress\/ruffer\/index.php\/team-details\/\">Brooklyn Simmons<\/a><\/h3><span class=\"team-desig\">Senior Trabajador<\/span><\/div><\/div><\/div><div class=\"col-sm-6 col-lg-4 col-xl-3\"><div class=\"th-team team-card\"><div class=\"team-img-wrap\"><div class=\"team-thumb\"><div class=\"team-img\"><img decoding=\"async\" src=\"https:\/\/themeholy.com\/wordpress\/ruffer\/wp-content\/uploads\/2023\/05\/team_1_5.png\" alt=\"team_1_5\"  \/><\/div><\/div><div class=\"team-social-hover\"><a href=\"#\" class=\"team-social-hover_btn\"><i class=\"far fa-plus\"><\/i><\/a><div class=\"team-social\"><a  href=\"http:\/\/facebook.com\" class=\"icon-bg-custom\"><i class=\"fab fa-facebook-f\"><\/i><\/a><a  href=\"http:\/\/twitter.com\" class=\"icon-bg-custom\"><i class=\"fab fa-twitter\"><\/i><\/a><a  href=\"http:\/\/dribble.com\" class=\"icon-bg-custom\"><i class=\"fa-brands fa-dribbble\"><\/i><\/a><a  href=\"http:\/\/linkedin.com\" class=\"icon-bg-custom\"><i class=\"fab fa-linkedin-in\"><\/i><\/a><\/div><\/div><\/div><div class=\"team-content\"><h3 class=\"team-title th-title\"><a  href=\"https:\/\/themeholy.com\/wordpress\/ruffer\/index.php\/team-details\/\">Savannah Nguyen<\/a><\/h3><span class=\"team-desig\">Ingeniero Sr.<\/span><\/div><\/div><\/div><div class=\"col-sm-6 col-lg-4 col-xl-3\"><div class=\"th-team team-card\"><div class=\"team-img-wrap\"><div class=\"team-thumb\"><div class=\"team-img\"><img decoding=\"async\" src=\"https:\/\/themeholy.com\/wordpress\/ruffer\/wp-content\/uploads\/2023\/05\/team_1_7.png\" alt=\"team_1_7\"  \/><\/div><\/div><div class=\"team-social-hover\"><a href=\"#\" class=\"team-social-hover_btn\"><i class=\"far fa-plus\"><\/i><\/a><div class=\"team-social\"><a  href=\"http:\/\/facebook.com\" class=\"icon-bg-custom\"><i class=\"fab fa-facebook-f\"><\/i><\/a><a  href=\"http:\/\/twitter.com\" class=\"icon-bg-custom\"><i class=\"fab fa-twitter\"><\/i><\/a><a  href=\"http:\/\/dribble.com\" class=\"icon-bg-custom\"><i class=\"fa-brands fa-dribbble\"><\/i><\/a><a  href=\"http:\/\/linkedin.com\" class=\"icon-bg-custom\"><i class=\"fab fa-linkedin-in\"><\/i><\/a><\/div><\/div><\/div><div class=\"team-content\"><h3 class=\"team-title th-title\"><a  href=\"https:\/\/themeholy.com\/wordpress\/ruffer\/index.php\/team-details\/\">Annette Negro<\/a><\/h3><span class=\"team-desig\">Ingeniero Jr.<\/span><\/div><\/div><\/div><div class=\"col-sm-6 col-lg-4 col-xl-3\"><div class=\"th-team team-card\"><div class=\"team-img-wrap\"><div class=\"team-thumb\"><div class=\"team-img\"><img decoding=\"async\" src=\"https:\/\/themeholy.com\/wordpress\/ruffer\/wp-content\/uploads\/2023\/05\/team_1_8.png\" alt=\"team_1_8\"  \/><\/div><\/div><div class=\"team-social-hover\"><a href=\"#\" class=\"team-social-hover_btn\"><i class=\"far fa-plus\"><\/i><\/a><div class=\"team-social\"><a  href=\"http:\/\/facebook.com\" class=\"icon-bg-custom\"><i class=\"fab fa-facebook-f\"><\/i><\/a><a  href=\"http:\/\/twitter.com\" class=\"icon-bg-custom\"><i class=\"fab fa-twitter\"><\/i><\/a><a  href=\"http:\/\/dribble.com\" class=\"icon-bg-custom\"><i class=\"fa-brands fa-dribbble\"><\/i><\/a><a  href=\"http:\/\/linkedin.com\" class=\"icon-bg-custom\"><i class=\"fab fa-linkedin-in\"><\/i><\/a><\/div><\/div><\/div><div class=\"team-content\"><h3 class=\"team-title th-title\"><a  href=\"https:\/\/themeholy.com\/wordpress\/ruffer\/index.php\/team-details\/\">Dianne Russell<\/a><\/h3><span class=\"team-desig\">Asistente Ingeniero<\/span><\/div><\/div><\/div><div class=\"col-sm-6 col-lg-4 col-xl-3\"><div class=\"th-team team-card\"><div class=\"team-img-wrap\"><div class=\"team-thumb\"><div class=\"team-img\"><img decoding=\"async\" src=\"https:\/\/themeholy.com\/wordpress\/ruffer\/wp-content\/uploads\/2023\/05\/team_1_6.png\" alt=\"team_1_6\"  \/><\/div><\/div><div class=\"team-social-hover\"><a href=\"#\" class=\"team-social-hover_btn\"><i class=\"far fa-plus\"><\/i><\/a><div class=\"team-social\"><a  href=\"http:\/\/facebook.com\" class=\"icon-bg-custom\"><i class=\"fab fa-facebook-f\"><\/i><\/a><a  href=\"http:\/\/twitter.com\" class=\"icon-bg-custom\"><i class=\"fab fa-twitter\"><\/i><\/a><a  href=\"http:\/\/dribble.com\" class=\"icon-bg-custom\"><i class=\"fa-brands fa-dribbble\"><\/i><\/a><a  href=\"http:\/\/linkedin.com\" class=\"icon-bg-custom\"><i class=\"fab fa-linkedin-in\"><\/i><\/a><\/div><\/div><\/div><div class=\"team-content\"><h3 class=\"team-title th-title\"><a  href=\"https:\/\/themeholy.com\/wordpress\/ruffer\/index.php\/team-details\/\">Kathryn Murphy<\/a><\/h3><span class=\"team-desig\">Ingeniero<\/span><\/div><\/div><\/div><\/div>\t\t\t\t<\/div>\n\t\t\t\t<\/div>\n\t\t\t\t\t<\/div>\n\t\t<\/div>\n\t\t\t\t\t<\/div>\n\t\t<\/section>\n\t\t\t\t\t<\/div>\n\t\t<\/div>\n\t\t\t\t\t<\/div>\n\t\t<\/section>\n\t\t\t\t<\/div>","protected":false},"excerpt":{"rendered":"<p>About VMastyle Your Trusted Partner for Home Renovations in New York At VMastyle, we specialize in creating beautiful and functional spaces. With years of experience serving New York City and surrounding areas, we provide reliable and professional construction services tailored to your needs. From stunning kitchens to fully finished basements, we ensure precision, quality, and&#8230;<\/p>","protected":false},"author":1,"featured_media":0,"parent":0,"menu_order":0,"comment_status":"closed","ping_status":"closed","template":"template-builder.php","meta":{"footnotes":""},"class_list":["post-1092","page","type-page","status-publish","hentry"],"_links":{"self":[{"href":"https:\/\/vmastyle.com\/es\/wp-json\/wp\/v2\/pages\/1092","targetHints":{"allow":["GET"]}}],"collection":[{"href":"https:\/\/vmastyle.com\/es\/wp-json\/wp\/v2\/pages"}],"about":[{"href":"https:\/\/vmastyle.com\/es\/wp-json\/wp\/v2\/types\/page"}],"author":[{"embeddable":true,"href":"https:\/\/vmastyle.com\/es\/wp-json\/wp\/v2\/users\/1"}],"replies":[{"embeddable":true,"href":"https:\/\/vmastyle.com\/es\/wp-json\/wp\/v2\/comments?post=1092"}],"version-history":[{"count":22,"href":"https:\/\/vmastyle.com\/es\/wp-json\/wp\/v2\/pages\/1092\/revisions"}],"predecessor-version":[{"id":6032,"href":"https:\/\/vmastyle.com\/es\/wp-json\/wp\/v2\/pages\/1092\/revisions\/6032"}],"wp:attachment":[{"href":"https:\/\/vmastyle.com\/es\/wp-json\/wp\/v2\/media?parent=1092"}],"curies":[{"name":"wp","href":"https:\/\/api.w.org\/{rel}","templated":true}]}}