{"id":1129,"date":"2023-05-16T15:24:52","date_gmt":"2023-05-16T15:24:52","guid":{"rendered":"https:\/\/themeholy.com\/wordpress\/ruffer\/?page_id=1129"},"modified":"2024-12-19T04:03:33","modified_gmt":"2024-12-19T04:03:33","slug":"contact-us","status":"publish","type":"page","link":"https:\/\/vmastyle.com\/es\/contact-us\/","title":{"rendered":"P\u00f3ngase En Contacto Con Nosotros"},"content":{"rendered":"<div data-elementor-type=\"wp-page\" data-elementor-id=\"1129\" class=\"elementor elementor-1129\" data-elementor-post-type=\"page\">\n\t\t\t\t<div class=\"elementor-element elementor-element-c561d04 e-flex e-con-boxed e-con e-child\" data-id=\"c561d04\" data-element_type=\"container\">\n\t\t\t\t\t<div class=\"e-con-inner\">\n\t\t<div class=\"elementor-element elementor-element-796374f e-con-full e-flex e-con e-child\" data-id=\"796374f\" data-element_type=\"container\">\n\t\t\t\t<div class=\"elementor-element elementor-element-f02c8e9 elementor-widget elementor-widget-ruffersectiontitle\" data-id=\"f02c8e9\" data-element_type=\"widget\" data-widget_type=\"ruffersectiontitle.default\">\n\t\t\t\t<div class=\"elementor-widget-container\">\n\t\t\t\t\t<div class=\"title-area-wrap\"><div class=\"title-area mb-30\" ><span class=\"sub-title subtitle-selector\">Ponerse En Contacto<\/span><h2 class=\"sec-title title-selector\">Estamos listos para hablar con usted<\/h2><\/div><p class=\"desc-selector mt-n2 mb-30\">En VMastyle, estamos aqu\u00ed para ayudar a llevar sus ideas a la vida. Si usted tiene alguna pregunta, necesita una cita, o simplemente desea m\u00e1s informaci\u00f3n, no dude en ponerse en contacto con nuestro equipo. Estaremos encantados de ayudarle!<\/p><\/div>\t\t\t\t<\/div>\n\t\t\t\t<\/div>\n\t\t<div class=\"elementor-element elementor-element-4af217c e-con-full e-flex e-con e-child\" data-id=\"4af217c\" data-element_type=\"container\" data-settings=\"{&quot;background_background&quot;:&quot;classic&quot;}\">\n\t\t\t\t<div class=\"elementor-element elementor-element-71c480f elementor-icon-list--layout-traditional elementor-list-item-link-full_width elementor-widget elementor-widget-icon-list\" data-id=\"71c480f\" data-element_type=\"widget\" data-widget_type=\"icon-list.default\">\n\t\t\t\t<div class=\"elementor-widget-container\">\n\t\t\t\t\t\t\t<ul class=\"elementor-icon-list-items\">\n\t\t\t\t\t\t\t<li class=\"elementor-icon-list-item\">\n\t\t\t\t\t\t\t\t\t\t\t<span class=\"elementor-icon-list-icon\">\n\t\t\t\t\t\t\t<svg aria-hidden=\"true\" class=\"e-font-icon-svg e-fas-phone-alt\" viewbox=\"0 0 512 512\" xmlns=\"http:\/\/www.w3.org\/2000\/svg\"><path d=\"M497.39 361.8l-112-48a24 24 0 0 0-28 6.9l-49.6 60.6A370.66 370.66 0 0 1 130.6 204.11l60.6-49.6a23.94 23.94 0 0 0 6.9-28l-48-112A24.16 24.16 0 0 0 122.6.61l-104 24A24 24 0 0 0 0 48c0 256.5 207.9 464 464 464a24 24 0 0 0 23.4-18.6l24-104a24.29 24.29 0 0 0-14.01-27.6z\"><\/path><\/svg>\t\t\t\t\t\t<\/span>\n\t\t\t\t\t\t\t\t\t\t<span class=\"elementor-icon-list-text\">Tel\u00e9fono: +1212-321 0258   <\/span>\n\t\t\t\t\t\t\t\t\t<\/li>\n\t\t\t\t\t\t\t\t<li class=\"elementor-icon-list-item\">\n\t\t\t\t\t\t\t\t\t\t\t<span class=\"elementor-icon-list-icon\">\n\t\t\t\t\t\t\t<svg aria-hidden=\"true\" class=\"e-font-icon-svg e-fas-mobile-alt\" viewbox=\"0 0 320 512\" xmlns=\"http:\/\/www.w3.org\/2000\/svg\"><path d=\"M272 0H48C21.5 0 0 21.5 0 48v416c0 26.5 21.5 48 48 48h224c26.5 0 48-21.5 48-48V48c0-26.5-21.5-48-48-48zM160 480c-17.7 0-32-14.3-32-32s14.3-32 32-32 32 14.3 32 32-14.3 32-32 32zm112-108c0 6.6-5.4 12-12 12H60c-6.6 0-12-5.4-12-12V60c0-6.6 5.4-12 12-12h200c6.6 0 12 5.4 12 12v312z\"><\/path><\/svg>\t\t\t\t\t\t<\/span>\n\t\t\t\t\t\t\t\t\t\t<span class=\"elementor-icon-list-text\"> Celular: +1917-803 7940<\/span>\n\t\t\t\t\t\t\t\t\t<\/li>\n\t\t\t\t\t\t<\/ul>\n\t\t\t\t\t\t<\/div>\n\t\t\t\t<\/div>\n\t\t\t\t<\/div>\n\t\t\t\t<div class=\"elementor-element elementor-element-6953c9c elementor-widget elementor-widget-ruffercontactinfo\" data-id=\"6953c9c\" data-element_type=\"widget\" data-widget_type=\"ruffercontactinfo.default\">\n\t\t\t\t<div class=\"elementor-widget-container\">\n\t\t\t\t\t<!--==============================Contact Info Area==============================--><div class=\"row justify-content-center gy-30\"><div class=\"col-xl-6 col-lg-4 col-md-6\"><div class=\"contact-feature\"><div class=\"icon-btn\"><i class=\"far fa-envelope\"><\/i><\/div><div class=\"media-body\"><p class=\"contact-feature_label\">Direcci\u00f3n De Correo Electr\u00f3nico<\/p><a href=\"mailto:info@vmastyle.com\" class=\"contact-feature_link\">info@vmastyle.com<\/a><a href=\"mailto:segundosrom@aol.com\" class=\"contact-feature_link\">segundosrom@aol.com<\/a><\/div><\/div><\/div><div class=\"col-xl-6 col-lg-4 col-md-6\"><div class=\"contact-feature\"><div class=\"icon-btn\"><i class=\"far fa-location-dot\"><\/i><\/div><div class=\"media-body\"><p class=\"contact-feature_label\">Ubicaci\u00f3n De La Oficina<\/p><a href=\"\" class=\"contact-feature_link\">Direcci\u00f3n:41-09 52 woodside nyc 11377<\/a><\/div><\/div><\/div><\/div>\t\t\t\t<\/div>\n\t\t\t\t<\/div>\n\t\t\t\t<\/div>\n\t\t<div class=\"elementor-element elementor-element-c9fb4ea e-con-full e-flex e-con e-child\" data-id=\"c9fb4ea\" data-element_type=\"container\">\n\t\t\t\t<div class=\"elementor-element elementor-element-19e70d7 elementor-widget elementor-widget-shortcode\" data-id=\"19e70d7\" data-element_type=\"widget\" data-widget_type=\"shortcode.default\">\n\t\t\t\t<div class=\"elementor-widget-container\">\n\t\t\t\t\t\t\t<div class=\"elementor-shortcode\">\n<div class=\"wpcf7 no-js\" id=\"wpcf7-f1143-o1\" lang=\"en-US\" dir=\"ltr\" data-wpcf7-id=\"1143\">\n<div class=\"screen-reader-response\"><p role=\"status\" aria-live=\"polite\" aria-atomic=\"true\"><\/p> <ul><\/ul><\/div>\n<form action=\"\/es\/wp-json\/wp\/v2\/pages\/1129#wpcf7-f1143-o1\" method=\"post\" class=\"wpcf7-form init\" aria-label=\"Contact form\" novalidate=\"novalidate\" data-status=\"init\" data-trp-original-action=\"\/es\/wp-json\/wp\/v2\/pages\/1129#wpcf7-f1143-o1\">\n<div style=\"display: none;\">\n<input type=\"hidden\" name=\"_wpcf7\" value=\"1143\" \/>\n<input type=\"hidden\" name=\"_wpcf7_version\" value=\"6.0.1\" \/>\n<input type=\"hidden\" name=\"_wpcf7_locale\" value=\"en_US\" \/>\n<input type=\"hidden\" name=\"_wpcf7_unit_tag\" value=\"wpcf7-f1143-o1\" \/>\n<input type=\"hidden\" name=\"_wpcf7_container_post\" value=\"0\" \/>\n<input type=\"hidden\" name=\"_wpcf7_posted_data_hash\" value=\"\" \/>\n<\/div>\n<div class=\"th-contact-form bg-smoke\">\n    <div class=\"form-title\">\n        <h3 class=\"blog-inner-title h5\">Enviar Masaje<\/h3>\n    <\/div>\n    <div class=\"row\">\n        <div class=\"col-md-6 form-group\">\n            <span class=\"wpcf7-form-control-wrap\" data-name=\"text-830\"><input size=\"40\" maxlength=\"400\" class=\"wpcf7-form-control wpcf7-text wpcf7-validates-as-required form-control style-white\" id=\"text-830\" aria-required=\"true\" aria-invalid=\"false\" placeholder=\"Nombre Completo\" value=\"\" type=\"text\" name=\"text-830\" \/><\/span>\n        <\/div>\n        <div class=\"col-md-6 form-group\">\n            <span class=\"wpcf7-form-control-wrap\" data-name=\"email-994\"><input size=\"40\" maxlength=\"400\" class=\"wpcf7-form-control wpcf7-email wpcf7-validates-as-required wpcf7-text wpcf7-validates-as-email form-control style-white\" id=\"email-994\" aria-required=\"true\" aria-invalid=\"false\" placeholder=\"Direcci\u00f3n De Correo Electr\u00f3nico\" value=\"\" type=\"email\" name=\"email-994\" \/><\/span>\n        <\/div>\n        <div class=\"col-md-12 form-group\">\n            <span class=\"wpcf7-form-control-wrap\" data-name=\"text-667\"><input size=\"40\" maxlength=\"400\" class=\"wpcf7-form-control wpcf7-text wpcf7-validates-as-required form-control style-white\" id=\"text-667\" aria-required=\"true\" aria-invalid=\"false\" placeholder=\"Tema\" value=\"\" type=\"text\" name=\"text-667\" \/><\/span>\n        <\/div>\n        <div class=\"col-12 form-group\">\n            <span class=\"wpcf7-form-control-wrap\" data-name=\"textarea-40\"><textarea cols=\"40\" rows=\"10\" maxlength=\"2000\" class=\"wpcf7-form-control wpcf7-textarea wpcf7-validates-as-required form-control style-white\" id=\"textarea-40\" aria-required=\"true\" aria-invalid=\"false\" placeholder=\"Masaje\" name=\"textarea-40\"><\/textarea><\/span>\n        <\/div>\n        <div class=\"col-12 form-group mb-0\">\n            <button class=\"th-btn\">Enviar Masaje <i class=\"fas fa-arrow-right ms-2\"><\/i><\/button>\n        <\/div>\n    <\/div>\n<\/div><div class=\"wpcf7-response-output\" aria-hidden=\"true\"><\/div>\n<input type=\"hidden\" name=\"trp-form-language\" value=\"es\"\/><\/form>\n<\/div>\n<\/div>\n\t\t\t\t\t\t<\/div>\n\t\t\t\t<\/div>\n\t\t\t\t<\/div>\n\t\t\t\t\t<\/div>\n\t\t\t\t<\/div>\n\t\t\t\t<section class=\"elementor-section elementor-top-section elementor-element elementor-element-3d5e8f5 elementor-section-full_width elementor-section-height-default elementor-section-height-default\" data-id=\"3d5e8f5\" data-element_type=\"section\">\n\t\t\t\t\t\t<div class=\"elementor-container elementor-column-gap-no\">\n\t\t\t\t\t<div class=\"elementor-column elementor-col-100 elementor-top-column elementor-element elementor-element-e24275c\" data-id=\"e24275c\" data-element_type=\"column\">\n\t\t\t<div class=\"elementor-widget-wrap elementor-element-populated\">\n\t\t\t\t\t\t<div class=\"elementor-element elementor-element-c32e8d7 elementor-widget elementor-widget-google_maps\" data-id=\"c32e8d7\" data-element_type=\"widget\" data-widget_type=\"google_maps.default\">\n\t\t\t\t<div class=\"elementor-widget-container\">\n\t\t\t\t\t\t\t<div class=\"elementor-custom-embed\">\n\t\t\t<iframe loading=\"lazy\"\n\t\t\t\t\tsrc=\"https:\/\/maps.google.com\/maps?q=Address%3A41-09%2052nd%20%20woodside%20nyc%2011377&#038;t=m&#038;z=10&#038;output=embed&#038;iwloc=near\"\n\t\t\t\t\ttitle=\"Direcci\u00f3n:41-09 52 woodside nyc 11377\"\n\t\t\t\t\taria-label=\"Direcci\u00f3n:41-09 52 woodside nyc 11377\"\n\t\t\t><\/iframe>\n\t\t<\/div>\n\t\t\t\t\t\t<\/div>\n\t\t\t\t<\/div>\n\t\t\t\t\t<\/div>\n\t\t<\/div>\n\t\t\t\t\t<\/div>\n\t\t<\/section>\n\t\t\t\t<\/div>","protected":false},"excerpt":{"rendered":"<p>Get In Touch We are ready to talk to you At VMastyle, we are here to help bring your ideas to life. If you have any questions, need a quote, or simply want more information, don\u2019t hesitate to get in touch with our team. We\u2019ll be happy to assist you! Phone: +1212-321 0258 Cell: +1917-803&#8230;<\/p>","protected":false},"author":1,"featured_media":0,"parent":0,"menu_order":0,"comment_status":"closed","ping_status":"closed","template":"template-builder.php","meta":{"footnotes":""},"class_list":["post-1129","page","type-page","status-publish","hentry"],"_links":{"self":[{"href":"https:\/\/vmastyle.com\/es\/wp-json\/wp\/v2\/pages\/1129","targetHints":{"allow":["GET"]}}],"collection":[{"href":"https:\/\/vmastyle.com\/es\/wp-json\/wp\/v2\/pages"}],"about":[{"href":"https:\/\/vmastyle.com\/es\/wp-json\/wp\/v2\/types\/page"}],"author":[{"embeddable":true,"href":"https:\/\/vmastyle.com\/es\/wp-json\/wp\/v2\/users\/1"}],"replies":[{"embeddable":true,"href":"https:\/\/vmastyle.com\/es\/wp-json\/wp\/v2\/comments?post=1129"}],"version-history":[{"count":12,"href":"https:\/\/vmastyle.com\/es\/wp-json\/wp\/v2\/pages\/1129\/revisions"}],"predecessor-version":[{"id":6045,"href":"https:\/\/vmastyle.com\/es\/wp-json\/wp\/v2\/pages\/1129\/revisions\/6045"}],"wp:attachment":[{"href":"https:\/\/vmastyle.com\/es\/wp-json\/wp\/v2\/media?parent=1129"}],"curies":[{"name":"wp","href":"https:\/\/api.w.org\/{rel}","templated":true}]}}