{"id":420,"date":"2023-05-11T08:46:00","date_gmt":"2023-05-11T08:46:00","guid":{"rendered":"https:\/\/themeholy.com\/wordpress\/ruffer\/?page_id=420"},"modified":"2024-12-19T03:56:35","modified_gmt":"2024-12-19T03:56:35","slug":"services","status":"publish","type":"page","link":"https:\/\/vmastyle.com\/es\/services\/","title":{"rendered":"Servicios"},"content":{"rendered":"<div data-elementor-type=\"wp-page\" data-elementor-id=\"420\" class=\"elementor elementor-420\" data-elementor-post-type=\"page\">\n\t\t\t\t<div class=\"elementor-element elementor-element-12b72a4 e-flex e-con-boxed e-con e-parent\" data-id=\"12b72a4\" data-element_type=\"container\">\n\t\t\t\t\t<div class=\"e-con-inner\">\n\t\t\t\t<div class=\"elementor-element elementor-element-09f9a88 elementor-widget elementor-widget-spacer\" data-id=\"09f9a88\" data-element_type=\"widget\" data-widget_type=\"spacer.default\">\n\t\t\t\t<div class=\"elementor-widget-container\">\n\t\t\t\t\t\t\t<div class=\"elementor-spacer\">\n\t\t\t<div class=\"elementor-spacer-inner\"><\/div>\n\t\t<\/div>\n\t\t\t\t\t\t<\/div>\n\t\t\t\t<\/div>\n\t\t\t\t\t<\/div>\n\t\t\t\t<\/div>\n\t\t<div class=\"elementor-element elementor-element-5522c77 e-flex e-con-boxed e-con e-parent\" data-id=\"5522c77\" data-element_type=\"container\">\n\t\t\t\t\t<div class=\"e-con-inner\">\n\t\t\t\t<div class=\"elementor-element elementor-element-f291521 elementor-widget elementor-widget-rufferservice\" data-id=\"f291521\" data-element_type=\"widget\" data-widget_type=\"rufferservice.default\">\n\t\t\t\t<div class=\"elementor-widget-container\">\n\t\t\t\t\t<div class=\"row gy-30\"><div class=\"col-md-6 col-lg-4\"><div class=\"service-featured\"><div class=\"service-featured_img\"><img decoding=\"async\" src=\"https:\/\/vmastyle.com\/wp-content\/uploads\/2024\/12\/PHOTO-2024-12-06-10-27-00-3.jpg\" alt=\"service\"><\/div><div class=\"service-featured_content\"><div class=\"service-bg-shape\"><img decoding=\"async\" src=\"https:\/\/themeholy.com\/wordpress\/ruffer\/wp-content\/uploads\/2023\/05\/service_box_shape1.png\" alt=\"img\"><\/div><div class=\"service-default-icon\"><img decoding=\"async\" src=\"https:\/\/vmastyle.com\/wp-content\/uploads\/2024\/09\/counter_4_3.svg\" alt=\"Icon\"><\/div><h3 class=\"box-title\"><a href=\"https:\/\/vmastyle.com\/es\/contact\/\">Remodelaci\u00f3n De Cocina<\/a><\/h3><p class=\"service-featured_text\">Podemos transformar su cocina en un moderno y funcional espacio, adaptados a sus necesidades y estilo personal, utilizando materiales de alta calidad y acabados excepcionales.<\/p><a href=\"https:\/\/vmastyle.com\/es\/contact\/\" class=\"link-btn\">Leer M\u00e1s<i class=\"fa-solid fa-arrow-up-right ms-2\"><\/i><\/a><\/div><\/div><\/div><div class=\"col-md-6 col-lg-4\"><div class=\"service-featured\"><div class=\"service-featured_img\"><img decoding=\"async\" src=\"https:\/\/vmastyle.com\/wp-content\/uploads\/2024\/12\/PHOTO-2024-12-06-10-27-07-10-e1734461846679.jpg\" alt=\"service\"><\/div><div class=\"service-featured_content\"><div class=\"service-bg-shape\"><img decoding=\"async\" src=\"https:\/\/themeholy.com\/wordpress\/ruffer\/wp-content\/uploads\/2023\/05\/service_box_shape1.png\" alt=\"img\"><\/div><div class=\"service-default-icon\"><img decoding=\"async\" src=\"https:\/\/themeholy.com\/wordpress\/ruffer\/wp-content\/uploads\/2023\/05\/service-icon-1-2.svg\" alt=\"Icon\"><\/div><h3 class=\"box-title\"><a href=\"https:\/\/vmastyle.com\/es\/contact\/\">Reformas De Ba\u00f1os<\/a><\/h3><p class=\"service-featured_text\">Nos renovar su cuarto de ba\u00f1o con un dise\u00f1o contempor\u00e1neo, que combina la funcionalidad y la est\u00e9tica para crear un ambiente relajante y un ambiente c\u00f3modo que se adapte a su estilo de vida.<\/p><a href=\"https:\/\/vmastyle.com\/es\/contact\/\" class=\"link-btn\">Leer M\u00e1s<i class=\"fa-solid fa-arrow-up-right ms-2\"><\/i><\/a><\/div><\/div><\/div><div class=\"col-md-6 col-lg-4\"><div class=\"service-featured\"><div class=\"service-featured_img\"><img decoding=\"async\" src=\"https:\/\/vmastyle.com\/wp-content\/uploads\/2024\/12\/PHOTO-2024-12-06-10-27-02-9.jpg\" alt=\"service\"><\/div><div class=\"service-featured_content\"><div class=\"service-bg-shape\"><img decoding=\"async\" src=\"https:\/\/themeholy.com\/wordpress\/ruffer\/wp-content\/uploads\/2023\/05\/service_box_shape1.png\" alt=\"img\"><\/div><div class=\"service-default-icon\"><img decoding=\"async\" src=\"https:\/\/themeholy.com\/wordpress\/ruffer\/wp-content\/uploads\/2023\/05\/service-icon-1-3.svg\" alt=\"Icon\"><\/div><h3 class=\"box-title\"><a href=\"https:\/\/vmastyle.com\/es\/contact\/\">El Interior Y Exterior De Pintura<\/a><\/h3><p class=\"service-featured_text\">Ofrecemos alta calidad de servicios de pintura, tanto interior como exterior, mejorar la apariencia de su espacio de forma duradera y profesional de los acabados.<\/p><a href=\"https:\/\/vmastyle.com\/es\/contact\/\" class=\"link-btn\">Leer M\u00e1s<i class=\"fa-solid fa-arrow-up-right ms-2\"><\/i><\/a><\/div><\/div><\/div><div class=\"col-md-6 col-lg-4\"><div class=\"service-featured\"><div class=\"service-featured_img\"><img decoding=\"async\" src=\"https:\/\/vmastyle.com\/wp-content\/uploads\/2024\/12\/PHOTO-2024-12-06-10-27-08-e1734462388402.jpg\" alt=\"service\"><\/div><div class=\"service-featured_content\"><div class=\"service-bg-shape\"><img decoding=\"async\" src=\"https:\/\/themeholy.com\/wordpress\/ruffer\/wp-content\/uploads\/2023\/05\/service_box_shape1.png\" alt=\"img\"><\/div><div class=\"service-default-icon\"><img decoding=\"async\" src=\"https:\/\/themeholy.com\/wordpress\/ruffer\/wp-content\/uploads\/2023\/05\/service-icon-1-4.svg\" alt=\"Icon\"><\/div><h3 class=\"box-title\"><a href=\"https:\/\/vmastyle.com\/es\/contact\/\">S\u00f3tano Acabado<\/a><\/h3><p class=\"service-featured_text\">Podemos convertir el s\u00f3tano en un habitables, funcionales y atractivos de la zona, ideal para cualquier cosa, desde una sala de estar a un gimnasio o espacio de oficina.<\/p><a href=\"https:\/\/vmastyle.com\/es\/contact\/\" class=\"link-btn\">Leer M\u00e1s<i class=\"fa-solid fa-arrow-up-right ms-2\"><\/i><\/a><\/div><\/div><\/div><div class=\"col-md-6 col-lg-4\"><div class=\"service-featured\"><div class=\"service-featured_img\"><img decoding=\"async\" src=\"https:\/\/vmastyle.com\/wp-content\/uploads\/2024\/12\/PHOTO-2024-12-06-10-27-05-4.jpg\" alt=\"service\"><\/div><div class=\"service-featured_content\"><div class=\"service-bg-shape\"><img decoding=\"async\" src=\"https:\/\/themeholy.com\/wordpress\/ruffer\/wp-content\/uploads\/2023\/05\/service_box_shape1.png\" alt=\"img\"><\/div><div class=\"service-default-icon\"><img decoding=\"async\" src=\"https:\/\/themeholy.com\/wordpress\/ruffer\/wp-content\/uploads\/2023\/05\/service-icon-1-5.svg\" alt=\"Icon\"><\/div><h3 class=\"box-title\"><a href=\"https:\/\/vmastyle.com\/es\/contact\/\">Parcial o total de la reforma de un piso<\/a><\/h3><p class=\"service-featured_text\">Renovamos su apartamento, ya sea total o parcialmente, adaptando a sus necesidades y la adici\u00f3n de un moderno y elegante toque para cada habitaci\u00f3n.<\/p><a href=\"https:\/\/vmastyle.com\/es\/contact\/\" class=\"link-btn\">Leer M\u00e1s<i class=\"fa-solid fa-arrow-up-right ms-2\"><\/i><\/a><\/div><\/div><\/div><div class=\"col-md-6 col-lg-4\"><div class=\"service-featured\"><div class=\"service-featured_img\"><img decoding=\"async\" src=\"https:\/\/vmastyle.com\/wp-content\/uploads\/2024\/12\/PHOTO-2024-12-06-10-27-06-3.jpg\" alt=\"service\"><\/div><div class=\"service-featured_content\"><div class=\"service-bg-shape\"><img decoding=\"async\" src=\"https:\/\/themeholy.com\/wordpress\/ruffer\/wp-content\/uploads\/2023\/05\/service_box_shape1.png\" alt=\"img\"><\/div><div class=\"service-default-icon\"><img decoding=\"async\" src=\"https:\/\/themeholy.com\/wordpress\/ruffer\/wp-content\/uploads\/2023\/05\/service-icon-1-6.svg\" alt=\"Icon\"><\/div><h3 class=\"box-title\"><a href=\"https:\/\/vmastyle.com\/es\/contact\/\">Suelo De La Madera Dura<\/a><\/h3><p class=\"service-featured_text\">Instalamos y repintado de pisos de madera con impecables acabados, a\u00f1adiendo calidez y estilo a cualquier habitaci\u00f3n.<\/p><a href=\"https:\/\/vmastyle.com\/es\/contact\/\" class=\"link-btn\">Leer M\u00e1s<i class=\"fa-solid fa-arrow-up-right ms-2\"><\/i><\/a><\/div><\/div><\/div><div class=\"col-md-6 col-lg-4\"><div class=\"service-featured\"><div class=\"service-featured_img\"><img decoding=\"async\" src=\"https:\/\/vmastyle.com\/wp-content\/uploads\/2024\/12\/PHOTO-2024-12-06-10-27-00-4-e1734462765171.jpg\" alt=\"service\"><\/div><div class=\"service-featured_content\"><div class=\"service-bg-shape\"><img decoding=\"async\" src=\"https:\/\/themeholy.com\/wordpress\/ruffer\/wp-content\/uploads\/2023\/05\/service_box_shape1.png\" alt=\"img\"><\/div><div class=\"service-default-icon\"><img decoding=\"async\" src=\"https:\/\/vmastyle.com\/wp-content\/uploads\/2024\/09\/icon-10.svg\" alt=\"Icon\"><\/div><h3 class=\"box-title\"><a href=\"https:\/\/vmastyle.com\/es\/contact\/\">Electricidad Y Fontaner\u00eda<\/a><\/h3><p class=\"service-featured_text\">Contamos con expertos en el\u00e9ctricos y de plomer\u00eda, servicios, capaces de manejo de instalaciones, reparaciones y mantenimiento para garantizar la operaci\u00f3n segura y eficiente de su hogar o negocio.<\/p><a href=\"https:\/\/vmastyle.com\/es\/contact\/\" class=\"link-btn\">Ver Detalles<i class=\"fa-solid fa-arrow-up-right ms-2\"><\/i><\/a><\/div><\/div><\/div><div class=\"col-md-6 col-lg-4\"><div class=\"service-featured\"><div class=\"service-featured_img\"><img decoding=\"async\" src=\"https:\/\/vmastyle.com\/wp-content\/uploads\/2024\/12\/PHOTO-2024-12-06-10-27-05-10-e1734462995326.jpg\" alt=\"service\"><\/div><div class=\"service-featured_content\"><div class=\"service-bg-shape\"><img decoding=\"async\" src=\"https:\/\/themeholy.com\/wordpress\/ruffer\/wp-content\/uploads\/2023\/05\/service_box_shape1.png\" alt=\"img\"><\/div><div class=\"service-default-icon\"><img decoding=\"async\" src=\"https:\/\/vmastyle.com\/wp-content\/uploads\/2023\/05\/service-icon-1-5.svg\" alt=\"Icon\"><\/div><h3 class=\"box-title\"><a href=\"https:\/\/vmastyle.com\/es\/contact\/\">Para La Instalaci\u00f3n De Azulejos<\/a><\/h3><p class=\"service-featured_text\">Ofrecemos la instalaci\u00f3n de recubrimientos en cualquier \u00e1rea de tu casa, ya sea est\u00e1ndar o personalizado, con una amplia variedad de estilos y dise\u00f1os para elegir.<\/p><a href=\"https:\/\/vmastyle.com\/es\/contact\/\" class=\"link-btn\">Ver Detalles<i class=\"fa-solid fa-arrow-up-right ms-2\"><\/i><\/a><\/div><\/div><\/div><div class=\"col-md-6 col-lg-4\"><div class=\"service-featured\"><div class=\"service-featured_img\"><img decoding=\"async\" src=\"https:\/\/vmastyle.com\/wp-content\/uploads\/2024\/12\/PHOTO-2024-12-06-10-27-08-5-e1734463658447.jpg\" alt=\"service\"><\/div><div class=\"service-featured_content\"><div class=\"service-bg-shape\"><img decoding=\"async\" src=\"https:\/\/themeholy.com\/wordpress\/ruffer\/wp-content\/uploads\/2023\/05\/service_box_shape1.png\" alt=\"img\"><\/div><div class=\"service-default-icon\"><img decoding=\"async\" src=\"https:\/\/vmastyle.com\/wp-content\/uploads\/2024\/09\/counter_4_3.svg\" alt=\"Icon\"><\/div><h3 class=\"box-title\"><a href=\"https:\/\/vmastyle.com\/es\/contact\/\">De La Ventana Y De La Puerta De Reemplazo<\/a><\/h3><p class=\"service-featured_text\">Vamos a reemplazar sus ventanas y puertas con opciones de alta calidad que mejoren la eficiencia energ\u00e9tica y mejorar el estilo de tu espacio.<\/p><a href=\"https:\/\/vmastyle.com\/es\/contact\/\" class=\"link-btn\">Ver Detalles<i class=\"fa-solid fa-arrow-up-right ms-2\"><\/i><\/a><\/div><\/div><\/div><\/div>\t\t\t\t<\/div>\n\t\t\t\t<\/div>\n\t\t\t\t\t<\/div>\n\t\t\t\t<\/div>\n\t\t<div class=\"elementor-element elementor-element-badacef e-flex e-con-boxed e-con e-parent\" data-id=\"badacef\" data-element_type=\"container\">\n\t\t\t\t\t<div class=\"e-con-inner\">\n\t\t\t\t<div class=\"elementor-element elementor-element-69abbbc elementor-widget elementor-widget-spacer\" data-id=\"69abbbc\" data-element_type=\"widget\" data-widget_type=\"spacer.default\">\n\t\t\t\t<div class=\"elementor-widget-container\">\n\t\t\t\t\t\t\t<div class=\"elementor-spacer\">\n\t\t\t<div class=\"elementor-spacer-inner\"><\/div>\n\t\t<\/div>\n\t\t\t\t\t\t<\/div>\n\t\t\t\t<\/div>\n\t\t\t\t\t<\/div>\n\t\t\t\t<\/div>\n\t\t\t\t<section class=\"elementor-section elementor-top-section elementor-element elementor-element-c104e45 elementor-section-full_width elementor-section-height-default elementor-section-height-default\" data-id=\"c104e45\" data-element_type=\"section\" data-settings=\"{&quot;background_background&quot;:&quot;classic&quot;}\">\n\t\t\t\t\t\t<div class=\"elementor-container elementor-column-gap-no\">\n\t\t\t\t\t<div class=\"elementor-column elementor-col-100 elementor-top-column elementor-element elementor-element-fa4e666\" data-id=\"fa4e666\" data-element_type=\"column\">\n\t\t\t<div class=\"elementor-widget-wrap elementor-element-populated\">\n\t\t\t\t\t\t<div class=\"elementor-element elementor-element-1e69151 elementor-widget elementor-widget-rufferwcu2\" data-id=\"1e69151\" data-element_type=\"widget\" data-widget_type=\"rufferwcu2.default\">\n\t\t\t\t<div class=\"elementor-widget-container\">\n\t\t\t\t\t<div class=\"why-sec-v3 position-relative space-bottom\"><div class=\"img-half img-right wcu-thumb-3\"><img decoding=\"async\" src=\"https:\/\/vmastyle.com\/wp-content\/uploads\/2024\/12\/PHOTO-2024-12-06-10-27-08-5-e1734463658447.jpg\" alt=\"img\"><\/div><div class=\"container\"><div class=\"row\"><div class=\"col-xxl-7 col-xl-8\"><div class=\"title-area mb-35\"><span class=\"sub-title\">\u00bfPOR QU\u00c9 ELEGIR NOSOTROS<\/span><h2 class=\"sec-title\">Proyectos Personalizados<\/h2><\/div><div class=\"wcu-card-slider th-carousel row g-0\" data-slide-show=\"3\" data-ml-slide-show=\"3\" data-md-slide-show=\"3\" data-sm-slide-show=\"2\" data-dots=\"false\"><div class=\"col-sm-6\"><div class=\"wcu-card-wrap mt-10 bg-white\"><div class=\"wcu-card style3\"><div class=\"wcu-card_icon\"><img decoding=\"async\" src=\"https:\/\/themeholy.com\/wordpress\/ruffer\/wp-content\/uploads\/2023\/05\/wcu-icon-4-1.svg\" alt=\"img\"><\/div><div class=\"wcu-card_details\"><h3 class=\"h5 wcu-card_title\"><a href=\"#\">Tiempo de respuesta r\u00e1pido<\/a><\/h3><p class=\"wcu-card_text\">En VMastyle, entendemos la importancia de una acci\u00f3n r\u00e1pida. Es por eso que garantizamos un tiempo de respuesta r\u00e1pido, sin comprometer la calidad de nuestro trabajo.<\/p><\/div><\/div><\/div><\/div><div class=\"col-sm-6\"><div class=\"wcu-card-wrap mt-10 bg-white\"><div class=\"wcu-card style3\"><div class=\"wcu-card_icon\"><img decoding=\"async\" src=\"https:\/\/themeholy.com\/wordpress\/ruffer\/wp-content\/uploads\/2023\/05\/wcu-icon-4-2.svg\" alt=\"img\"><\/div><div class=\"wcu-card_details\"><h3 class=\"h5 wcu-card_title\"><a href=\"#\">Materiales De Alta Calidad<\/a><\/h3><p class=\"wcu-card_text\">S\u00f3lo utilizamos materiales de primera calidad, asegurando la durabilidad, la resistencia, y acabados excepcionales en cada uno de nuestros proyectos de construcci\u00f3n y renovaci\u00f3n.<\/p><\/div><\/div><\/div><\/div><div class=\"col-sm-6\"><div class=\"wcu-card-wrap mt-10 bg-white\"><div class=\"wcu-card style3\"><div class=\"wcu-card_icon\"><img decoding=\"async\" src=\"https:\/\/themeholy.com\/wordpress\/ruffer\/wp-content\/uploads\/2023\/05\/wcu-icon-4-3.svg\" alt=\"img\"><\/div><div class=\"wcu-card_details\"><h3 class=\"h5 wcu-card_title\"><a href=\"#\">Profesional De Los Trabajadores<\/a><\/h3><p class=\"wcu-card_text\">Nuestro equipo se compone de profesionales altamente capacitados y con amplia experiencia, dedicada a ofrecer un impecable trabajo con la m\u00e1xima atenci\u00f3n a los detalles.<\/p><\/div><\/div><\/div><\/div><\/div><\/div><\/div><\/div><\/div>\t\t\t\t<\/div>\n\t\t\t\t<\/div>\n\t\t\t\t\t<\/div>\n\t\t<\/div>\n\t\t\t\t\t<\/div>\n\t\t<\/section>\n\t\t\t\t<section class=\"elementor-section elementor-top-section elementor-element elementor-element-63df8e0 elementor-section-boxed elementor-section-height-default elementor-section-height-default\" data-id=\"63df8e0\" data-element_type=\"section\">\n\t\t\t\t\t\t<div class=\"elementor-container elementor-column-gap-no\">\n\t\t\t\t\t<div class=\"elementor-column elementor-col-100 elementor-top-column elementor-element elementor-element-c9c52dc\" data-id=\"c9c52dc\" data-element_type=\"column\">\n\t\t\t<div class=\"elementor-widget-wrap elementor-element-populated\">\n\t\t\t\t\t\t<section class=\"elementor-section elementor-inner-section elementor-element elementor-element-6fc9e7b elementor-section-full_width elementor-section-height-default elementor-section-height-default\" data-id=\"6fc9e7b\" data-element_type=\"section\">\n\t\t\t\t\t\t<div class=\"elementor-container elementor-column-gap-no\">\n\t\t\t\t\t<div class=\"elementor-column elementor-col-100 elementor-inner-column elementor-element elementor-element-c1c7be0\" data-id=\"c1c7be0\" data-element_type=\"column\">\n\t\t\t<div class=\"elementor-widget-wrap elementor-element-populated\">\n\t\t\t\t\t\t<div class=\"elementor-element elementor-element-764e2da elementor-widget elementor-widget-ruffersectiontitle\" data-id=\"764e2da\" data-element_type=\"widget\" data-widget_type=\"ruffersectiontitle.default\">\n\t\t\t\t<div class=\"elementor-widget-container\">\n\t\t\t\t\t<div class=\"title-area-wrap\"><div class=\"title-area\" ><span class=\"sub-title subtitle-selector\">Testimonio<\/span><h2 class=\"sec-title title-selector\">Lo Que Los Clientes Dicen Sobre Nosotros<\/h2><\/div><\/div>\t\t\t\t<\/div>\n\t\t\t\t<\/div>\n\t\t\t\t\t<\/div>\n\t\t<\/div>\n\t\t\t\t\t<\/div>\n\t\t<\/section>\n\t\t\t\t<section class=\"elementor-section elementor-inner-section elementor-element elementor-element-cbcbb91 elementor-section-full_width elementor-section-height-default elementor-section-height-default\" data-id=\"cbcbb91\" data-element_type=\"section\">\n\t\t\t\t\t\t<div class=\"elementor-container elementor-column-gap-no\">\n\t\t\t\t\t<div class=\"elementor-column elementor-col-100 elementor-inner-column elementor-element elementor-element-8ceec52\" data-id=\"8ceec52\" data-element_type=\"column\">\n\t\t\t<div class=\"elementor-widget-wrap elementor-element-populated\">\n\t\t\t\t\t\t<div class=\"elementor-element elementor-element-4f3df39 elementor-widget elementor-widget-ruffertestimonialslider\" data-id=\"4f3df39\" data-element_type=\"widget\" data-widget_type=\"ruffertestimonialslider.default\">\n\t\t\t\t<div class=\"elementor-widget-container\">\n\t\t\t\t\t<div class=\"row slider-shadow th-carousel arrow-style2\" data-slide-show=\"2\" data-lg-slide-show=\"2\" data-md-slide-show=\"1\" data-arrows=\"true\"><div class=\"col-lg-6\"><div class=\"testi-card style2\"><div class=\"testi-card_profile\"><div class=\"media-left\"><div class=\"testi-box_review\"><i class=\"fa-solid fa-star-sharp\"><\/i><i class=\"fa-solid fa-star-sharp\"><\/i><i class=\"fa-solid fa-star-sharp\"><\/i><i class=\"fa-solid fa-star-sharp\"><\/i><i class=\"fa-solid fa-star-sharp\"><\/i><\/div><\/div><div class=\"media-body\"><p class=\"testi-card_text f-text\">VMastyle transformado nuestra cocina en un moderno y funcional espacio. Desde el primer d\u00eda, el equipo fue muy profesional, puntual, y prestar atenci\u00f3n a cada detalle. La obra super\u00f3 nuestras expectativas, y se lo recomendar\u00eda a cualquier persona que busca la calidad y la excelencia.<\/p><div class=\"media\"><div class=\"testi-box_quote\"><img decoding=\"async\" src=\"https:\/\/themeholy.com\/wordpress\/ruffer\/wp-content\/uploads\/2023\/05\/blog-quote2.svg\" alt=\"blog quote2\"  \/><\/div><div class=\"media-body\"><h3 class=\"testi-card_name n-name\">Ronald Richards<\/h3><\/div><\/div><\/div><\/div><\/div><\/div><div class=\"col-lg-6\"><div class=\"testi-card style2\"><div class=\"testi-card_profile\"><div class=\"media-left\"><div class=\"testi-box_review\"><i class=\"fa-solid fa-star-sharp\"><\/i><i class=\"fa-solid fa-star-sharp\"><\/i><i class=\"fa-solid fa-star-sharp\"><\/i><i class=\"fa-solid fa-star-sharp\"><\/i><i class=\"fa-solid fa-star-sharp\"><\/i><\/div><\/div><div class=\"media-body\"><p class=\"testi-card_text f-text\">Estoy encantado con el resultado de mi renovaci\u00f3n del ba\u00f1o. Los ingenieros de la VMastyle fueron muy atentos, y el proceso fue r\u00e1pido y eficiente. El nivel de detalle y la calidad de los trabajos son impresionantes. Definitivamente voy a volver para futuros proyectos!<\/p><div class=\"media\"><div class=\"testi-box_quote\"><img decoding=\"async\" src=\"https:\/\/themeholy.com\/wordpress\/ruffer\/wp-content\/uploads\/2023\/05\/blog-quote2.svg\" alt=\"blog quote2\"  \/><\/div><div class=\"media-body\"><h3 class=\"testi-card_name n-name\">Ralph Edwards<\/h3><\/div><\/div><\/div><\/div><\/div><\/div><div class=\"col-lg-6\"><div class=\"testi-card style2\"><div class=\"testi-card_profile\"><div class=\"media-left\"><div class=\"testi-box_review\"><i class=\"fa-solid fa-star-sharp\"><\/i><i class=\"fa-solid fa-star-sharp\"><\/i><i class=\"fa-solid fa-star-sharp\"><\/i><i class=\"fa-solid fa-star-sharp\"><\/i><i class=\"fa-solid fa-star-sharp\"><\/i><\/div><\/div><div class=\"media-body\"><p class=\"testi-card_text f-text\">Desde el inicio, VMastyle demostrado ser fiable y profesional de la empresa. Mi apartamento fue completamente renovado con materiales de primera calidad, y el equipo era muy respetuoso de mi tiempo. El proyecto fue entregado en el tiempo con impecables acabados. Yo no podr\u00eda estar m\u00e1s feliz!<\/p><div class=\"media\"><div class=\"testi-box_quote\"><img decoding=\"async\" src=\"https:\/\/themeholy.com\/wordpress\/ruffer\/wp-content\/uploads\/2023\/05\/blog-quote2.svg\" alt=\"blog quote2\"  \/><\/div><div class=\"media-body\"><h3 class=\"testi-card_name n-name\">Ronald Richards<\/h3><\/div><\/div><\/div><\/div><\/div><\/div><\/div>\t\t\t\t<\/div>\n\t\t\t\t<\/div>\n\t\t\t\t\t<\/div>\n\t\t<\/div>\n\t\t\t\t\t<\/div>\n\t\t<\/section>\n\t\t\t\t\t<\/div>\n\t\t<\/div>\n\t\t\t\t\t<\/div>\n\t\t<\/section>\n\t\t\t\t<\/div>","protected":false},"excerpt":{"rendered":"<p>Kitchen Remodeling We transform your kitchen into a modern and functional space, tailored to your needs and personal style, using high-quality materials and exceptional finishes. Read More Bathroom Renovations We renovate your bathroom with a contemporary design, combining functionality and aesthetics to create a relaxing and comfortable environment that suits your lifestyle. Read More Interior&#8230;<\/p>","protected":false},"author":1,"featured_media":0,"parent":0,"menu_order":0,"comment_status":"closed","ping_status":"closed","template":"template-builder.php","meta":{"footnotes":""},"class_list":["post-420","page","type-page","status-publish","hentry"],"_links":{"self":[{"href":"https:\/\/vmastyle.com\/es\/wp-json\/wp\/v2\/pages\/420","targetHints":{"allow":["GET"]}}],"collection":[{"href":"https:\/\/vmastyle.com\/es\/wp-json\/wp\/v2\/pages"}],"about":[{"href":"https:\/\/vmastyle.com\/es\/wp-json\/wp\/v2\/types\/page"}],"author":[{"embeddable":true,"href":"https:\/\/vmastyle.com\/es\/wp-json\/wp\/v2\/users\/1"}],"replies":[{"embeddable":true,"href":"https:\/\/vmastyle.com\/es\/wp-json\/wp\/v2\/comments?post=420"}],"version-history":[{"count":16,"href":"https:\/\/vmastyle.com\/es\/wp-json\/wp\/v2\/pages\/420\/revisions"}],"predecessor-version":[{"id":6036,"href":"https:\/\/vmastyle.com\/es\/wp-json\/wp\/v2\/pages\/420\/revisions\/6036"}],"wp:attachment":[{"href":"https:\/\/vmastyle.com\/es\/wp-json\/wp\/v2\/media?parent=420"}],"curies":[{"name":"wp","href":"https:\/\/api.w.org\/{rel}","templated":true}]}}